{"id":390,"date":"2025-11-14T11:25:40","date_gmt":"2025-11-14T10:25:40","guid":{"rendered":"https:\/\/estelledcs.bonsaidev.nl\/?page_id=390"},"modified":"2025-11-20T11:40:44","modified_gmt":"2025-11-20T10:40:44","slug":"algemene-voorwaarden","status":"publish","type":"page","link":"https:\/\/www.estelle-dcs.com\/fr\/algemene-voorwaarden\/","title":{"rendered":"Algemene Voorwaarden"},"content":{"rendered":"<div id='av_section_1'  class='avia-section av-av_section-3226413ca2bc96f1486d7f9e0bb904ec main_color avia-section-default avia-no-border-styling  avia-builder-el-0  avia-builder-el-no-sibling  avia-bg-style-scroll container_wrap fullsize'  ><div class='container av-section-cont-open' ><main  role=\"main\" itemprop=\"mainContentOfPage\"  class='template-page content  av-content-full alpha units'><div class='post-entry post-entry-type-page post-entry-390'><div class='entry-content-wrapper clearfix'>\r\n<div  class='flex_column av-av_one_full-4236371e50272b4ec399280bbf76d6bf av_one_full  avia-builder-el-1  avia-builder-el-no-sibling  first flex_column_div'     ><section  class='av_textblock_section av-av_textblock-ad846f3725944775b650f887611c4791'   itemscope=\"itemscope\" itemtype=\"https:\/\/schema.org\/CreativeWork\" ><div class='avia_textblock'  itemprop=\"text\" ><h1 class=\"wp-block-heading\">CONDITIONS G\u00c9N\u00c9RALES<\/h1>\n<p><strong>Acceptation des conditions g\u00e9n\u00e9rales<br \/><\/strong>En passant commande sur notre site, vous acceptez nos conditions g\u00e9n\u00e9rales, y compris notre politique de confidentialit\u00e9.<\/p>\n<p><strong>Modifications des prix<br \/><\/strong>Fabiotte Trading B.V. se r\u00e9serve le droit de modifier les prix. Le prix au moment o\u00f9 la commande est pass\u00e9e s'applique pendant tout le processus d'achat. Si, par exemple, en raison d'erreurs logicielles ou humaines, des produits sont affich\u00e9s avec un prix manifestement erron\u00e9, nous nous r\u00e9servons le droit d'annuler la commande \u2013 une notification sera envoy\u00e9e.<\/p>\n<p><strong>Modification de la gamme de produits<\/strong><br \/>Fabiotte Trading B.V. se r\u00e9serve le droit de modifier la disponibilit\u00e9 des stocks sur le site et de retirer des produits de la gamme avant qu'un achat ne soit enregistr\u00e9.<\/p>\n<p><strong>Informations sur le produit<\/strong><br \/>Nous faisons tout notre possible pour garantir l'exactitude de l'ensemble du contenu de notre site. Cependant, comme nous sommes humains, nous nous r\u00e9servons le droit de commettre des erreurs involontaires. Les couleurs affich\u00e9es sur votre \u00e9cran d'ordinateur ne sont pas toujours exactes \u00e0 100 %.<\/p>\n<p><strong>Vous avez moins de 18 ans ?<\/strong><br \/>Si vous avez moins de 18 ans, vous devez obtenir l'autorisation de vos parents ou de votre tuteur l\u00e9gal pour effectuer des achats dans cette boutique en ligne.<\/p>\n<p><strong>Dommages pendant le transport<\/strong><br \/>Si le colis et\/ou son contenu sont endommag\u00e9s \u00e0 la livraison, veuillez le signaler au livreur. Si vous nous renvoyez des articles, n'utilisez pas la poste ordinaire, car elle n'est pas assur\u00e9e (et vous ne serez pas rembours\u00e9 si le colis est perdu). Conservez toujours votre re\u00e7u. Contactez-nous si vous constatez des dommages lors du d\u00e9ballage de vos articles.<\/p>\n<p>Pays de l'UE : afin de pouvoir exp\u00e9dier des produits DDP (Delivered Duty Paid) \u00e0 un particulier au sein de l'UE, Fabiotte Trading B.V. est \u00e9galement enregistr\u00e9e en tant qu'entreprise assujettie \u00e0 la TVA (taxe sur le chiffre d'affaires) aux Pays-Bas (NL), point d'entr\u00e9e douanier des marchandises au sein de l'UE.\u00a0Par cons\u00e9quent, toutes les exp\u00e9ditions \u00e0 nos clients dans l'UE sont automatiquement factur\u00e9es avec la taxe sur le chiffre d'affaires n\u00e9erlandaise de 21%, qui est incluse dans le prix. La taxe sur le chiffre d'affaires n'est probablement pas remboursable ou d\u00e9ductible dans votre pays, mais des exceptions locales peuvent s'appliquer.<\/p>\n<p><strong>POLITIQUE DE CONFIDENTIALIT\u00c9<\/strong><\/p>\n<p><strong>Boutique en ligne Estelle<\/strong><br \/>L'ensemble du contenu de ce site, tel que les textes, graphiques, logos, ic\u00f4nes, images, clips audio, t\u00e9l\u00e9chargements num\u00e9riques, compilations de donn\u00e9es et logiciels, est la propri\u00e9t\u00e9 de Fabiotte Trading B.V. ou des fournisseurs de contenu et est prot\u00e9g\u00e9 par la l\u00e9gislation internationale sur les droits d'auteur.\u00a0Ce site ou une partie de celui-ci ne peut \u00eatre reproduit, multipli\u00e9, copi\u00e9, vendu, revendu, visit\u00e9 ou utilis\u00e9 \u00e0 des fins commerciales sans l'autorisation \u00e9crite expresse de Fabiotte Trading B.V..<\/p>\n<p><strong>Votre vie priv\u00e9e<\/strong><br \/>La politique de confidentialit\u00e9 de Fabiotte Trading B.V. vise \u00e0 d\u00e9montrer notre engagement en mati\u00e8re de confidentialit\u00e9. Nous respectons votre vie priv\u00e9e.<br \/>Toutes les informations personnelles que vous nous fournissez sont utilis\u00e9es dans le but de vous fournir les meilleures informations possibles.<br \/>Dans notre formulaire de commentaires et notre formulaire de commande num\u00e9rique, nous vous demandons de nous fournir certaines informations de contact n\u00e9cessaires pour vous r\u00e9pondre ou vous envoyer les informations souhait\u00e9es. Nous vous demandons \u00e9galement d'autres informations, dont la plupart sont facultatives. Ne nous communiquez pas d'informations que vous ne souhaitez pas nous divulguer. Fabiotte Trading B.V. utilise ces informations pour mieux comprendre sa client\u00e8le afin de lui offrir un service de qualit\u00e9 sup\u00e9rieure.<\/p>\n<p><strong>Confidentialit\u00e9 vis-\u00e0-vis des tiers<\/strong><br \/>Nous ne transmettrons pas vos informations personnelles \u00e0 des tiers.<br \/>Nous ne vendrons, ne louerons ni n'\u00e9changerons vos informations personnelles \u00e0 des fins marketing sans votre consentement explicite. Nous pouvons collecter des statistiques relatives \u00e0 l'utilisation de notre boutique en ligne, telles que les habitudes de navigation et les informations connexes sur le site, mais ces informations ne contiendront aucune donn\u00e9e permettant une identification personnelle.<\/p>\n<p><strong>S\u00e9curit\u00e9 de vos informations<\/strong><br \/>Nous suivons des proc\u00e9dures de s\u00e9curit\u00e9 strictes pour le stockage et la divulgation des informations que vous nous avez fournies. Cela permet d'emp\u00eacher tout acc\u00e8s non autoris\u00e9 ou tout traitement ill\u00e9gal de vos informations personnelles.<\/p>\n<p><strong>Courriel<\/strong><br \/>Fabiotte Trading B.V. ne vous enverra des e-mails que si vous avez demand\u00e9 plus d'informations. Nous pouvons \u00e9galement utiliser votre adresse e-mail pour confirmer votre commande\/demande et pour r\u00e9pondre \u00e0 toute demande que vous effectuez en ligne. Nous ne vous importunerons pas si vous n'avez pas demand\u00e9 plus d'informations !<\/p>\n<p><strong>Politique relative aux enfants<\/strong><br \/>Si vous avez moins de 18 ans, vous ne pouvez utiliser notre boutique en ligne qu'avec l'accord d'un parent ou d'un tuteur l\u00e9gal.<br \/>Conform\u00e9ment \u00e0 la loi am\u00e9ricaine sur la protection de la vie priv\u00e9e des enfants en ligne (Children's Online Privacy Protection Act), nous ne collectons sciemment aucune information aupr\u00e8s d'enfants de moins de 13 ans. Si vous avez moins de 13 ans, vous ne pouvez pas vous inscrire ni nous fournir d'informations personnelles. Veuillez demander \u00e0 vos parents de nous contacter pour saisir ces informations.<\/p>\n<p><strong>Votre consentement<\/strong><br \/>En utilisant notre site Web, vous acceptez que nous collections et utilisions vos informations personnelles de la mani\u00e8re d\u00e9crite dans la pr\u00e9sente politique de confidentialit\u00e9. Toute modification apport\u00e9e \u00e0 notre politique de confidentialit\u00e9 sera publi\u00e9e sur ce site.<\/p>\n<\/div><\/section><\/div>","protected":false},"excerpt":{"rendered":"","protected":false},"author":2,"featured_media":0,"parent":0,"menu_order":0,"comment_status":"closed","ping_status":"open","template":"","meta":{"_acf_changed":false,"_monsterinsights_skip_tracking":false,"_monsterinsights_sitenote_active":false,"_monsterinsights_sitenote_note":"","_monsterinsights_sitenote_category":0,"footnotes":""},"class_list":["post-390","page","type-page","status-publish","hentry"],"acf":[],"_links":{"self":[{"href":"https:\/\/www.estelle-dcs.com\/fr\/wp-json\/wp\/v2\/pages\/390","targetHints":{"allow":["GET"]}}],"collection":[{"href":"https:\/\/www.estelle-dcs.com\/fr\/wp-json\/wp\/v2\/pages"}],"about":[{"href":"https:\/\/www.estelle-dcs.com\/fr\/wp-json\/wp\/v2\/types\/page"}],"author":[{"embeddable":true,"href":"https:\/\/www.estelle-dcs.com\/fr\/wp-json\/wp\/v2\/users\/2"}],"replies":[{"embeddable":true,"href":"https:\/\/www.estelle-dcs.com\/fr\/wp-json\/wp\/v2\/comments?post=390"}],"version-history":[{"count":3,"href":"https:\/\/www.estelle-dcs.com\/fr\/wp-json\/wp\/v2\/pages\/390\/revisions"}],"predecessor-version":[{"id":420,"href":"https:\/\/www.estelle-dcs.com\/fr\/wp-json\/wp\/v2\/pages\/390\/revisions\/420"}],"wp:attachment":[{"href":"https:\/\/www.estelle-dcs.com\/fr\/wp-json\/wp\/v2\/media?parent=390"}],"curies":[{"name":"wp","href":"https:\/\/api.w.org\/{rel}","templated":true}]}}