{"id":3,"date":"2025-11-04T16:02:49","date_gmt":"2025-11-04T16:02:49","guid":{"rendered":"https:\/\/estelledcs.bonsaidev.nl\/?page_id=3"},"modified":"2025-11-17T16:41:29","modified_gmt":"2025-11-17T15:41:29","slug":"privacybeleid","status":"publish","type":"page","link":"https:\/\/www.estelle-dcs.com\/fr\/privacybeleid\/","title":{"rendered":"Politique de confidentialit\u00e9"},"content":{"rendered":"<h1 class=\"wp-block-heading\">Vos informations personnelles sont en s\u00e9curit\u00e9 chez 100% !<\/h1>\r\n<p>Nous sommes tr\u00e8s pr\u00e9occup\u00e9s par les pratiques qui violent les droits fondamentaux au choix et \u00e0 la confidentialit\u00e9, et nous respectons la vie priv\u00e9e de tous les utilisateurs de notre site Web.<\/p>\r\n<p>Lorsque vous remplissez un formulaire sur ce site, vous nous fournissez des informations personnelles.<br \/>Vous pouvez consulter ces informations clairement pr\u00e9sent\u00e9es sur la page Internet o\u00f9 vous nous les fournissez.<\/p>\r\n<p><strong><em>Cookies :<\/em><\/strong><br \/>Fabiotte Trading B.V. utilise des cookies pour am\u00e9liorer la fonctionnalit\u00e9 du site web.<br \/>Les cookies sont utilis\u00e9s pour m\u00e9moriser les articles qui se trouvent dans votre panier lorsque vous effectuez des achats sur le site.<br \/>Les cookies sont supprim\u00e9s lorsque l'utilisateur se d\u00e9connecte ou ferme son navigateur.<\/p>\r\n<p><strong><em>Enregistrement :<\/em><\/strong><br \/>Fabiotte Trading B.V. utilise des statistiques.<br \/>Un syst\u00e8me statistique recueille des informations afin de nous donner une id\u00e9e du nombre de visiteurs du site web, de leur provenance, de la partie du site qu'ils ont consult\u00e9e, etc.<br \/>Les statistiques de Fabiotte Trading ont pour seul objectif d'optimiser la fonctionnalit\u00e9 du site afin de le rendre plus convivial.<\/p>\r\n<p><em><strong>Informations priv\u00e9es :<\/strong><\/em><br \/>Afin de pouvoir traiter votre commande, il est n\u00e9cessaire d'enregistrer certaines informations telles que : nom, adresse, adresse e-mail, etc.<br \/>Ces informations sont uniquement accessibles \u00e0 Fabiotte Trading B.V. et ne seront transmises \u00e0 personne d'autre.<\/p>\r\n<p><strong><em>Paiement en ligne :<\/em><\/strong><br \/>Les informations relatives \u00e0 votre carte de cr\u00e9dit que vous saisissez lorsque vous effectuez des achats chez Fabiotte Trading B.V. sont directement transmises \u00e0 notre prestataire de services de paiement (PSP) et crypt\u00e9es. Personne d'autre que vous et lui ne peut voir ou enregistrer ces informations.<\/p>\r\n<p><strong><em>S\u00e9curit\u00e9 :<\/em><\/strong><br \/>Vous avez \u00e0 tout moment la possibilit\u00e9 de savoir quelles informations nous conservons \u00e0 votre sujet.<br \/>Il vous suffit de nous contacter en indiquant votre nom et votre adresse.<br \/>Vous recevrez alors dans les 10 jours un e-mail contenant les informations enregistr\u00e9es par Fabiotte Trading B.V.<br \/>Si vous souhaitez que nous supprimions ces informations, veuillez l'indiquer dans votre e-mail.<\/p>","protected":false},"excerpt":{"rendered":"<p>Uw persoonlijke informatie is 100% veilig! We zijn zeer bezorgd over praktijken die de fundamentele rechten van keuze en vertrouwelijkheid schenden en we respecteren de privacy van alle gebruikers van onze website. Als u op deze site een formulier invult, geeft u persoonlijke informatie aan ons.U kunt deze informatie duidelijk uiteengezet zien op de internetpagina [&hellip;]<\/p>\n","protected":false},"author":1,"featured_media":0,"parent":0,"menu_order":0,"comment_status":"closed","ping_status":"open","template":"","meta":{"_acf_changed":false,"_monsterinsights_skip_tracking":false,"_monsterinsights_sitenote_active":false,"_monsterinsights_sitenote_note":"","_monsterinsights_sitenote_category":0,"footnotes":""},"class_list":["post-3","page","type-page","status-publish","hentry"],"acf":[],"_links":{"self":[{"href":"https:\/\/www.estelle-dcs.com\/fr\/wp-json\/wp\/v2\/pages\/3","targetHints":{"allow":["GET"]}}],"collection":[{"href":"https:\/\/www.estelle-dcs.com\/fr\/wp-json\/wp\/v2\/pages"}],"about":[{"href":"https:\/\/www.estelle-dcs.com\/fr\/wp-json\/wp\/v2\/types\/page"}],"author":[{"embeddable":true,"href":"https:\/\/www.estelle-dcs.com\/fr\/wp-json\/wp\/v2\/users\/1"}],"replies":[{"embeddable":true,"href":"https:\/\/www.estelle-dcs.com\/fr\/wp-json\/wp\/v2\/comments?post=3"}],"version-history":[{"count":2,"href":"https:\/\/www.estelle-dcs.com\/fr\/wp-json\/wp\/v2\/pages\/3\/revisions"}],"predecessor-version":[{"id":414,"href":"https:\/\/www.estelle-dcs.com\/fr\/wp-json\/wp\/v2\/pages\/3\/revisions\/414"}],"wp:attachment":[{"href":"https:\/\/www.estelle-dcs.com\/fr\/wp-json\/wp\/v2\/media?parent=3"}],"curies":[{"name":"wp","href":"https:\/\/api.w.org\/{rel}","templated":true}]}}