{"id":28,"date":"2025-11-10T11:22:00","date_gmt":"2025-11-10T11:22:00","guid":{"rendered":"https:\/\/estelledcs.bonsaidev.nl\/?page_id=28"},"modified":"2025-11-13T16:38:13","modified_gmt":"2025-11-13T15:38:13","slug":"dealers-overzicht","status":"publish","type":"page","link":"https:\/\/www.estelle-dcs.com\/fr\/dealers-overzicht\/","title":{"rendered":"Vue d'ensemble des distributeurs"},"content":{"rendered":"<div id='av_section_1'  class='avia-section av-1ogy8-424f97a0394a72ed7c2437fc3ad0799f main_color avia-section-default avia-no-border-styling  avia-builder-el-0  avia-builder-el-no-sibling  avia-bg-style-scroll container_wrap fullsize'  ><div class='container av-section-cont-open' ><main  role=\"main\" itemprop=\"mainContentOfPage\"  class='template-page content  av-content-full alpha units'><div class='post-entry post-entry-type-page post-entry-28'><div class='entry-content-wrapper clearfix'>\n<div class='flex_column_table av-mhvvc4s4-a87d7b3a86e0ddf6a378304c945e0024 sc-av_three_fifth av-equal-height-column-flextable'>\n<style type=\"text\/css\" data-created_by=\"avia_inline_auto\" id=\"style-css-av-mhvvc4s4-a87d7b3a86e0ddf6a378304c945e0024\">\n#top .flex_column_table.av-equal-height-column-flextable.av-mhvvc4s4-a87d7b3a86e0ddf6a378304c945e0024{\nmargin-top:0px;\nmargin-bottom:120px;\n}\n.flex_column.av-mhvvc4s4-a87d7b3a86e0ddf6a378304c945e0024{\nwidth:58.8%;\nmargin-left:0;\n}\n#top .flex_column_table.av-equal-height-column-flextable.av-mhvvc4s4-a87d7b3a86e0ddf6a378304c945e0024 .av-flex-placeholder{\nwidth:3%;\n}\n\n@media only screen and (min-width: 480px) and (max-width: 767px){ \n#top .flex_column_table.av-equal-height-column-flextable.av-mhvvc4s4-a87d7b3a86e0ddf6a378304c945e0024{\nmargin-bottom:40px;\n}\n}\n\n@media only screen and (max-width: 479px){ \n#top .flex_column_table.av-equal-height-column-flextable.av-mhvvc4s4-a87d7b3a86e0ddf6a378304c945e0024{\nmargin-bottom:40px;\n}\n}\n<\/style>\n<div  class='flex_column av-mhvvc4s4-a87d7b3a86e0ddf6a378304c945e0024 av_three_fifth  avia-builder-el-1  el_before_av_two_fifth  avia-builder-el-first  first flex_column_table_cell av-equal-height-column av-align-bottom'     ><section  class='av_textblock_section av-mhvvcmbv-bce3ff2ab7c3b9264e9ce6ab89f2b8db'   itemscope=\"itemscope\" itemtype=\"https:\/\/schema.org\/CreativeWork\" ><div class='avia_textblock'  itemprop=\"text\" ><h1>Les concessionnaires<\/h1>\n<p><span class=\"intro\">Trouvez un revendeur Estelle pr\u00e8s de chez vous. Estelle est vendu dans le monde entier via un r\u00e9seau croissant de revendeurs sp\u00e9cialis\u00e9s dans les spas et le bien-\u00eatre. Trouvez le revendeur le plus proche gr\u00e2ce \u00e0 la carte interactive ou \u00e0 la liste des revendeurs.<\/span><\/p>\n<\/div><\/section><\/div><div class='av-flex-placeholder'><\/div>\n<style type=\"text\/css\" data-created_by=\"avia_inline_auto\" id=\"style-css-av-xx34-d77f03d8412f827484d88d1057ab3901\">\n#top .flex_column_table.av-equal-height-column-flextable.av-xx34-d77f03d8412f827484d88d1057ab3901{\nmargin-top:0px;\nmargin-bottom:120px;\n}\n.flex_column.av-xx34-d77f03d8412f827484d88d1057ab3901{\nwidth:38.2%;\nmargin-left:0;\n}\n#top .flex_column_table.av-equal-height-column-flextable.av-xx34-d77f03d8412f827484d88d1057ab3901 .av-flex-placeholder{\nwidth:3%;\n}\n\n@media only screen and (min-width: 480px) and (max-width: 767px){ \n#top .flex_column_table.av-equal-height-column-flextable.av-xx34-d77f03d8412f827484d88d1057ab3901{\nmargin-bottom:40px;\n}\n}\n\n@media only screen and (max-width: 479px){ \n#top .flex_column_table.av-equal-height-column-flextable.av-xx34-d77f03d8412f827484d88d1057ab3901{\nmargin-bottom:40px;\n}\n}\n<\/style>\n<div  class='flex_column av-xx34-d77f03d8412f827484d88d1057ab3901 av_two_fifth  avia-builder-el-3  el_after_av_three_fifth  el_before_av_one_full  flex_column_table_cell av-equal-height-column av-align-bottom'     ><div  class='avia-button-wrap av-mhvvd4eh-c80135576b1fdcd885043a05f7edc7d0-wrap avia-button-right  avia-builder-el-4  avia-builder-el-no-sibling'><a href='https:\/\/www.estelle-dcs.com\/fr\/aanmelden-als-dealer\/'  class='avia-button av-mhvvd4eh-c80135576b1fdcd885043a05f7edc7d0 av-link-btn avia-icon_select-no avia-size-small avia-position-right avia-color-theme-color-highlight'   aria-label=\"S&#039;inscrire en tant que distributeur\"><span class='avia_iconbox_title' >S'inscrire en tant que distributeur<\/span><\/a><\/div><\/div><\/div><!--close column table wrapper. Autoclose: 1 --><div  class='flex_column av-pr6k-fd7accdabd3f48d5c2deeecdfac9c669 av_one_full  avia-builder-el-5  el_after_av_two_fifth  avia-builder-el-last  first flex_column_div'     ><p><br \/>\n<\/p><\/div>","protected":false},"excerpt":{"rendered":"","protected":false},"author":1,"featured_media":0,"parent":0,"menu_order":0,"comment_status":"closed","ping_status":"closed","template":"","meta":{"_acf_changed":false,"_monsterinsights_skip_tracking":false,"_monsterinsights_sitenote_active":false,"_monsterinsights_sitenote_note":"","_monsterinsights_sitenote_category":0,"footnotes":""},"class_list":["post-28","page","type-page","status-publish","hentry"],"acf":[],"_links":{"self":[{"href":"https:\/\/www.estelle-dcs.com\/fr\/wp-json\/wp\/v2\/pages\/28","targetHints":{"allow":["GET"]}}],"collection":[{"href":"https:\/\/www.estelle-dcs.com\/fr\/wp-json\/wp\/v2\/pages"}],"about":[{"href":"https:\/\/www.estelle-dcs.com\/fr\/wp-json\/wp\/v2\/types\/page"}],"author":[{"embeddable":true,"href":"https:\/\/www.estelle-dcs.com\/fr\/wp-json\/wp\/v2\/users\/1"}],"replies":[{"embeddable":true,"href":"https:\/\/www.estelle-dcs.com\/fr\/wp-json\/wp\/v2\/comments?post=28"}],"version-history":[{"count":9,"href":"https:\/\/www.estelle-dcs.com\/fr\/wp-json\/wp\/v2\/pages\/28\/revisions"}],"predecessor-version":[{"id":483,"href":"https:\/\/www.estelle-dcs.com\/fr\/wp-json\/wp\/v2\/pages\/28\/revisions\/483"}],"wp:attachment":[{"href":"https:\/\/www.estelle-dcs.com\/fr\/wp-json\/wp\/v2\/media?parent=28"}],"curies":[{"name":"wp","href":"https:\/\/api.w.org\/{rel}","templated":true}]}}