{"id":22,"date":"2025-11-10T11:21:32","date_gmt":"2025-11-10T11:21:32","guid":{"rendered":"https:\/\/estelledcs.bonsaidev.nl\/?page_id=22"},"modified":"2026-04-16T09:29:00","modified_gmt":"2026-04-16T07:29:00","slug":"info-en-handleidingen","status":"publish","type":"page","link":"https:\/\/www.estelle-dcs.com\/fr\/info-en-handleidingen\/","title":{"rendered":"Informations et manuels"},"content":{"rendered":"<div id='av_section_1'  class='avia-section av-2k1tu-2a8460beb7f62912152a5ce239b8bd27 main_color avia-section-default avia-no-border-styling  avia-builder-el-0  avia-builder-el-no-sibling  avia-bg-style-scroll container_wrap fullsize'  ><div class='container av-section-cont-open' ><main  role=\"main\" itemprop=\"mainContentOfPage\"  class='template-page content  av-content-full alpha units'><div class='post-entry post-entry-type-page post-entry-22'><div class='entry-content-wrapper clearfix'>\n<div class='flex_column_table av-2aggi-cee40f32197a0f32d7834f58ced8e780 sc-av_one_fifth av-equal-height-column-flextable'>\n<style type=\"text\/css\" data-created_by=\"avia_inline_auto\" id=\"style-css-av-2aggi-cee40f32197a0f32d7834f58ced8e780\">\n#top .flex_column_table.av-equal-height-column-flextable.av-2aggi-cee40f32197a0f32d7834f58ced8e780{\nmargin-top:0px;\nmargin-bottom:100px;\n}\n<\/style>\n<div  class='flex_column av-2aggi-cee40f32197a0f32d7834f58ced8e780 av_one_fifth  avia-builder-el-1  el_before_av_three_fifth  avia-builder-el-first  first flex_column_table_cell av-equal-height-column av-align-top'     ><\/div><div class='av-flex-placeholder'><\/div>\n<style type=\"text\/css\" data-created_by=\"avia_inline_auto\" id=\"style-css-av-1k0aq-1649df8f95c63ef59a6763cfe88357c5\">\n#top .flex_column_table.av-equal-height-column-flextable.av-1k0aq-1649df8f95c63ef59a6763cfe88357c5{\nmargin-top:0px;\nmargin-bottom:100px;\n}\n<\/style>\n<div  class='flex_column av-1k0aq-1649df8f95c63ef59a6763cfe88357c5 av_three_fifth  avia-builder-el-2  el_after_av_one_fifth  el_before_av_one_fifth  flex_column_table_cell av-equal-height-column av-align-top'     ><section  class='av_textblock_section av-mhvt67op-4825de3050bc62c80607913d7c8c4366'   itemscope=\"itemscope\" itemtype=\"https:\/\/schema.org\/CreativeWork\" ><div class='avia_textblock'  itemprop=\"text\" ><h1 style=\"text-align: center;\">Tout ce que vous devez savoir sur l'Estelle<\/h1>\n<p style=\"text-align: center;\">Vous trouverez ici tous les manuels, brochures et vid\u00e9os pour utiliser l'Estelle de mani\u00e8re optimale.<\/p>\n<\/div><\/section><\/div><div class='av-flex-placeholder'><\/div>\n<style type=\"text\/css\" data-created_by=\"avia_inline_auto\" id=\"style-css-av-16cjy-96cf83cc6c3e38d526e25e44832ec41a\">\n#top .flex_column_table.av-equal-height-column-flextable.av-16cjy-96cf83cc6c3e38d526e25e44832ec41a{\nmargin-top:0px;\nmargin-bottom:100px;\n}\n<\/style>\n<div  class='flex_column av-16cjy-96cf83cc6c3e38d526e25e44832ec41a av_one_fifth  avia-builder-el-4  el_after_av_three_fifth  el_before_av_three_fifth  flex_column_table_cell av-equal-height-column av-align-top'     ><\/div><\/div><!--close column table wrapper. Autoclose: 1 -->\n<style type=\"text\/css\" data-created_by=\"avia_inline_auto\" id=\"style-css-av-288ae-2ac48ea7e98751126f91276c974e4477\">\n#top .flex_column.av-288ae-2ac48ea7e98751126f91276c974e4477{\nmargin-top:0px;\n}\n.flex_column.av-288ae-2ac48ea7e98751126f91276c974e4477{\nwidth:58.8%;\n}\n.responsive #top #wrap_all .flex_column.av-288ae-2ac48ea7e98751126f91276c974e4477{\nmargin-top:0px;\n}\n<\/style>\n<div  class='flex_column av-288ae-2ac48ea7e98751126f91276c974e4477 av_three_fifth  avia-builder-el-5  el_after_av_one_fifth  el_before_av_two_fifth  first flex_column_div  column-top-margin'     ><section  class='av_textblock_section av-6b3m-2ef053018637ea2f898113e9fb41e20d'   itemscope=\"itemscope\" itemtype=\"https:\/\/schema.org\/CreativeWork\" ><div class='avia_textblock'  itemprop=\"text\" ><h4>Foire aux questions<\/h4>\n<\/div><\/section><br \/>\n\n<style type=\"text\/css\" data-created_by=\"avia_inline_auto\" id=\"style-css-av-mhvu7vq2-a9f19b807b2997bce46a843863e4005b\">\n#top .hr.hr-invisible.av-mhvu7vq2-a9f19b807b2997bce46a843863e4005b{\nheight:2px;\n}\n<\/style>\n<div  class='hr av-mhvu7vq2-a9f19b807b2997bce46a843863e4005b hr-invisible  avia-builder-el-7  el_after_av_textblock  el_before_av_toggle_container'><span class='hr-inner'><span class=\"hr-inner-style\"><\/span><\/span><\/div><br \/>\n<div  class='togglecontainer av-mhvt80h8-3009ce621a48302c2786f1f910035066 av-elegant-toggle  avia-builder-el-8  el_after_av_hr  avia-builder-el-last  toggle_close_all'  itemscope=\"itemscope\" itemtype=\"https:\/\/schema.org\/FAQPage\" >\n<section class='av_toggle_section av-mhvt7kro-41ce6f7b1b668b0f7dfcc15edbf11e5d'  itemscope=\"itemscope\" itemprop=\"mainEntity\" itemtype=\"https:\/\/schema.org\/Question\" ><div role=\"tablist\" class=\"single_toggle\" data-tags=\"{Tout} \"  ><p id='toggle-toggle-id-1' data-fake-id='#toggle-id-1' class='toggler  activeTitle av-title-above'  itemprop=\"name\"  role='tab' tabindex='0' aria-controls='toggle-id-1' data-slide-speed=\"200\" data-title=\"Hoe werkt de Estelle?\" data-title-open=\"\" data-aria_collapsed=\"Cliquez pour \u00e9tendre : Hoe werkt de Estelle?\" data-aria_expanded=\"Cliquez pour r\u00e9duire : Hoe werkt de Estelle?\">Comment fonctionne Estelle ?<span class=\"toggle_icon\"><span class=\"vert_icon\"><\/span><span class=\"hor_icon\"><\/span><\/span><\/p><div id='toggle-id-1' aria-labelledby='toggle-toggle-id-1' role='region' class='toggle_wrap  active_tc av-title-above' style='display:block;'  itemscope=\"itemscope\" itemprop=\"acceptedAnswer\" itemtype=\"https:\/\/schema.org\/Answer\" ><div class='toggle_content invers-color'  itemprop=\"text\" ><p>Placez le filtre avec l'adaptateur appropri\u00e9, raccordez le tuyau d'arrosage et tournez le bouton. Le filtre subit deux cycles de nettoyage, apr\u00e8s quoi il est pr\u00eat \u00e0 l'emploi.<\/p>\n<\/div><\/div><\/div><\/section>\n<section class='av_toggle_section av-mhvt7kro-7-446380baad511b1c1362db609e697614'  itemscope=\"itemscope\" itemprop=\"mainEntity\" itemtype=\"https:\/\/schema.org\/Question\" ><div role=\"tablist\" class=\"single_toggle\" data-tags=\"{Tout} \"  ><p id='toggle-toggle-id-2' data-fake-id='#toggle-id-2' class='toggler  av-title-above'  itemprop=\"name\"  role='tab' tabindex='0' aria-controls='toggle-id-2' data-slide-speed=\"200\" data-title=\"Is de Estelle geschikt voor mijn filter?\" data-title-open=\"\" data-aria_collapsed=\"Cliquez pour \u00e9tendre : Is de Estelle geschikt voor mijn filter?\" data-aria_expanded=\"Cliquez pour r\u00e9duire : Is de Estelle geschikt voor mijn filter?\">L'Estelle est-elle compatible avec mon filtre ?<span class=\"toggle_icon\"><span class=\"vert_icon\"><\/span><span class=\"hor_icon\"><\/span><\/span><\/p><div id='toggle-id-2' aria-labelledby='toggle-toggle-id-2' role='region' class='toggle_wrap  av-title-above'   itemscope=\"itemscope\" itemprop=\"acceptedAnswer\" itemtype=\"https:\/\/schema.org\/Answer\" ><div class='toggle_content invers-color'  itemprop=\"text\" ><p>Oui, pour presque tous les filtres \u00e0 lamelles dans les dimensions suivantes : diam\u00e8tre int\u00e9rieur 30-80 mm, diam\u00e8tre ext\u00e9rieur 100-250 mm, hauteur max. 300-360 mm.<\/p>\n<\/div><\/div><\/div><\/section>\n<section class='av_toggle_section av-mhvt7kro-6-a45f9519e9856ea6b3b2987ca6328c9a'  itemscope=\"itemscope\" itemprop=\"mainEntity\" itemtype=\"https:\/\/schema.org\/Question\" ><div role=\"tablist\" class=\"single_toggle\" data-tags=\"{Tout} \"  ><p id='toggle-toggle-id-3' data-fake-id='#toggle-id-3' class='toggler  av-title-above'  itemprop=\"name\"  role='tab' tabindex='0' aria-controls='toggle-id-3' data-slide-speed=\"200\" data-title=\"Welke adapter gebruik ik?\" data-title-open=\"\" data-aria_collapsed=\"Cliquez pour \u00e9tendre : Welke adapter gebruik ik?\" data-aria_expanded=\"Cliquez pour r\u00e9duire : Welke adapter gebruik ik?\">Quel adaptateur dois-je utiliser ?<span class=\"toggle_icon\"><span class=\"vert_icon\"><\/span><span class=\"hor_icon\"><\/span><\/span><\/p><div id='toggle-id-3' aria-labelledby='toggle-toggle-id-3' role='region' class='toggle_wrap  av-title-above'   itemscope=\"itemscope\" itemprop=\"acceptedAnswer\" itemtype=\"https:\/\/schema.org\/Answer\" ><div class='toggle_content invers-color'  itemprop=\"text\" ><p>Vert (base, toujours n\u00e9cessaire)<br \/>\nJaune petit\/grand : ouvertures \u00e0 filetage \u00e9troit<br \/>\nOrange : ouvertures \u00e0 filetage large<br \/>\nAdaptateur \u00e0 languettes : filtres sans filetage<\/p>\n<\/div><\/div><\/div><\/section>\n<section class='av_toggle_section av-mhvt7kro-5-c1b06e620bc171c3942623e287040f4c'  itemscope=\"itemscope\" itemprop=\"mainEntity\" itemtype=\"https:\/\/schema.org\/Question\" ><div role=\"tablist\" class=\"single_toggle\" data-tags=\"{Tout} \"  ><p id='toggle-toggle-id-4' data-fake-id='#toggle-id-4' class='toggler  av-title-above'  itemprop=\"name\"  role='tab' tabindex='0' aria-controls='toggle-id-4' data-slide-speed=\"200\" data-title=\"Wat is de juiste waterdruk?\" data-title-open=\"\" data-aria_collapsed=\"Cliquez pour \u00e9tendre : Wat is de juiste waterdruk?\" data-aria_expanded=\"Cliquez pour r\u00e9duire : Wat is de juiste waterdruk?\">Quelle est la pression d'eau ad\u00e9quate ?<span class=\"toggle_icon\"><span class=\"vert_icon\"><\/span><span class=\"hor_icon\"><\/span><\/span><\/p><div id='toggle-id-4' aria-labelledby='toggle-toggle-id-4' role='region' class='toggle_wrap  av-title-above'   itemscope=\"itemscope\" itemprop=\"acceptedAnswer\" itemtype=\"https:\/\/schema.org\/Answer\" ><div class='toggle_content invers-color'  itemprop=\"text\" ><p>Le robinet doit \u00eatre r\u00e9gl\u00e9 de mani\u00e8re \u00e0 ce que le filtre tourne de mani\u00e8re stable et que l'int\u00e9rieur et l'ext\u00e9rieur soient nettoy\u00e9s.<\/p>\n<\/div><\/div><\/div><\/section>\n<section class='av_toggle_section av-mhvt7kro-4-4ebe40a819fedc0a05736ae8c5aead13'  itemscope=\"itemscope\" itemprop=\"mainEntity\" itemtype=\"https:\/\/schema.org\/Question\" ><div role=\"tablist\" class=\"single_toggle\" data-tags=\"{Tout} \"  ><p id='toggle-toggle-id-5' data-fake-id='#toggle-id-5' class='toggler  av-title-above'  itemprop=\"name\"  role='tab' tabindex='0' aria-controls='toggle-id-5' data-slide-speed=\"200\" data-title=\"Mijn filter loopt vast \/ de Estelle wiebelt. Wat nu?\" data-title-open=\"\" data-aria_collapsed=\"Cliquez pour \u00e9tendre : Mijn filter loopt vast \/ de Estelle wiebelt. Wat nu?\" data-aria_expanded=\"Cliquez pour r\u00e9duire : Mijn filter loopt vast \/ de Estelle wiebelt. Wat nu?\">Mon filtre est bouch\u00e9 \/ l'Estelle vacille. Que faire ?<span class=\"toggle_icon\"><span class=\"vert_icon\"><\/span><span class=\"hor_icon\"><\/span><\/span><\/p><div id='toggle-id-5' aria-labelledby='toggle-toggle-id-5' role='region' class='toggle_wrap  av-title-above'   itemscope=\"itemscope\" itemprop=\"acceptedAnswer\" itemtype=\"https:\/\/schema.org\/Answer\" ><div class='toggle_content invers-color'  itemprop=\"text\" ><p>V\u00e9rifiez que l'adaptateur appropri\u00e9 est bien install\u00e9. R\u00e9duisez la pression de l'eau ou r\u00e9installez l'adaptateur.<\/p>\n<\/div><\/div><\/div><\/section>\n<\/div><\/p><\/div>\n<style type=\"text\/css\" data-created_by=\"avia_inline_auto\" id=\"style-css-av-xk9u-9885a617dd3d9337a80ab32359fe3341\">\n#top .flex_column.av-xk9u-9885a617dd3d9337a80ab32359fe3341{\nmargin-top:0px;\n}\n.flex_column.av-xk9u-9885a617dd3d9337a80ab32359fe3341{\nwidth:38.2%;\nmargin-left:3%;\n}\n.responsive #top #wrap_all .flex_column.av-xk9u-9885a617dd3d9337a80ab32359fe3341{\nmargin-top:0px;\n}\n<\/style>\n<div  class='flex_column av-xk9u-9885a617dd3d9337a80ab32359fe3341 av_two_fifth  avia-builder-el-9  el_after_av_three_fifth  avia-builder-el-last  flex_column_div  column-top-margin'     ><section  class='av_textblock_section av-mhvt6x3y-5b01af8b69b683b69f16dd97eb411e7e'   itemscope=\"itemscope\" itemtype=\"https:\/\/schema.org\/CreativeWork\" ><div class='avia_textblock'  itemprop=\"text\" ><h4>T\u00e9l\u00e9chargements<\/h4>\n<\/div><\/section><br \/>\n\n<style type=\"text\/css\" data-created_by=\"avia_inline_auto\" id=\"style-css-av-mhvupqj9-ff02bf4cfe027618ecc23f3afab5e1c6\">\n#top .hr.hr-invisible.av-mhvupqj9-ff02bf4cfe027618ecc23f3afab5e1c6{\nheight:32px;\n}\n<\/style>\n<div  class='hr av-mhvupqj9-ff02bf4cfe027618ecc23f3afab5e1c6 hr-invisible  avia-builder-el-11  el_after_av_textblock  el_before_av_textblock'><span class='hr-inner'><span class=\"hr-inner-style\"><\/span><\/span><\/div><br \/>\n<section  class='av_textblock_section av-mhvunef7-d4d458227a8d32f52b078c5448baf63c'   itemscope=\"itemscope\" itemtype=\"https:\/\/schema.org\/CreativeWork\" ><div class='avia_textblock'  itemprop=\"text\" ><div class=\"downloads-grid\"><a class=\"download-block\" href=\"https:\/\/www.estelle-dcs.com\/wp-content\/uploads\/2026\/01\/Estelle-gebruiksaanwijzing-Engels.pdf\" target=\"_blank\" rel=\"noopener\"><h3 class=\"download-title\">Anglais<\/h3><div class=\"download-soort\">Manuel d'utilisation<\/div><\/a><a class=\"download-block\" href=\"https:\/\/www.estelle-dcs.com\/wp-content\/uploads\/2026\/01\/Estelle-gebruiksaanwijzing-Spaans.pdf\" target=\"_blank\" rel=\"noopener\"><h3 class=\"download-title\">Espagnol<\/h3><div class=\"download-soort\">Manuel d'utilisation<\/div><\/a><a class=\"download-block\" href=\"https:\/\/www.estelle-dcs.com\/wp-content\/uploads\/2026\/01\/Estelle-gebruiksaanwijzing-Frans.pdf\" target=\"_blank\" rel=\"noopener\"><h3 class=\"download-title\">Fran\u00e7ais<\/h3><div class=\"download-soort\">Manuel d'utilisation<\/div><\/a><a class=\"download-block\" href=\"https:\/\/www.estelle-dcs.com\/wp-content\/uploads\/2026\/01\/Estelle-gebruiksaanwijzing-Duits.pdf\" target=\"_blank\" rel=\"noopener\"><h3 class=\"download-title\">Allemand<\/h3><div class=\"download-soort\">Manuel d'utilisation<\/div><\/a><a class=\"download-block\" href=\"https:\/\/www.estelle-dcs.com\/wp-content\/uploads\/2026\/01\/Estelle-gebruiksaanwijzing-Nederlands.pdf\" target=\"_blank\" rel=\"noopener\"><h3 class=\"download-title\">N\u00e9erlandais<\/h3><div class=\"download-soort\">Manuel d'utilisation<\/div><\/a><\/div>\n<\/div><\/section><\/p><\/div>","protected":false},"excerpt":{"rendered":"","protected":false},"author":1,"featured_media":0,"parent":0,"menu_order":0,"comment_status":"closed","ping_status":"closed","template":"","meta":{"_acf_changed":false,"_monsterinsights_skip_tracking":false,"_monsterinsights_sitenote_active":false,"_monsterinsights_sitenote_note":"","_monsterinsights_sitenote_category":0,"footnotes":""},"class_list":["post-22","page","type-page","status-publish","hentry"],"acf":[],"_links":{"self":[{"href":"https:\/\/www.estelle-dcs.com\/fr\/wp-json\/wp\/v2\/pages\/22","targetHints":{"allow":["GET"]}}],"collection":[{"href":"https:\/\/www.estelle-dcs.com\/fr\/wp-json\/wp\/v2\/pages"}],"about":[{"href":"https:\/\/www.estelle-dcs.com\/fr\/wp-json\/wp\/v2\/types\/page"}],"author":[{"embeddable":true,"href":"https:\/\/www.estelle-dcs.com\/fr\/wp-json\/wp\/v2\/users\/1"}],"replies":[{"embeddable":true,"href":"https:\/\/www.estelle-dcs.com\/fr\/wp-json\/wp\/v2\/comments?post=22"}],"version-history":[{"count":18,"href":"https:\/\/www.estelle-dcs.com\/fr\/wp-json\/wp\/v2\/pages\/22\/revisions"}],"predecessor-version":[{"id":467,"href":"https:\/\/www.estelle-dcs.com\/fr\/wp-json\/wp\/v2\/pages\/22\/revisions\/467"}],"wp:attachment":[{"href":"https:\/\/www.estelle-dcs.com\/fr\/wp-json\/wp\/v2\/media?parent=22"}],"curies":[{"name":"wp","href":"https:\/\/api.w.org\/{rel}","templated":true}]}}