{"id":390,"date":"2025-11-14T11:25:40","date_gmt":"2025-11-14T10:25:40","guid":{"rendered":"https:\/\/estelledcs.bonsaidev.nl\/?page_id=390"},"modified":"2025-11-20T11:40:44","modified_gmt":"2025-11-20T10:40:44","slug":"algemene-voorwaarden","status":"publish","type":"page","link":"https:\/\/www.estelle-dcs.com\/es\/algemene-voorwaarden\/","title":{"rendered":"Condiciones generales"},"content":{"rendered":"<div id='av_section_1'  class='avia-section av-av_section-3226413ca2bc96f1486d7f9e0bb904ec main_color avia-section-default avia-no-border-styling  avia-builder-el-0  avia-builder-el-no-sibling  avia-bg-style-scroll container_wrap fullsize'  ><div class='container av-section-cont-open' ><main  role=\"main\" itemprop=\"mainContentOfPage\"  class='template-page content  av-content-full alpha units'><div class='post-entry post-entry-type-page post-entry-390'><div class='entry-content-wrapper clearfix'>\r\n<div  class='flex_column av-av_one_full-4236371e50272b4ec399280bbf76d6bf av_one_full  avia-builder-el-1  avia-builder-el-no-sibling  first flex_column_div'     ><section  class='av_textblock_section av-av_textblock-ad846f3725944775b650f887611c4791'   itemscope=\"itemscope\" itemtype=\"https:\/\/schema.org\/CreativeWork\" ><div class='avia_textblock'  itemprop=\"text\" ><h1 class=\"wp-block-heading\">T\u00c9RMINOS Y CONDICIONES GENERALES<\/h1>\n<p><strong>Aceptaci\u00f3n de los t\u00e9rminos y condiciones generales<br \/><\/strong>Al realizar un pedido en nuestro sitio web, usted acepta nuestros t\u00e9rminos y condiciones generales, incluida nuestra Pol\u00edtica de privacidad.<\/p>\n<p><strong>Cambios en los precios<br \/><\/strong>Fabiotte Trading B.V. se reserva el derecho a modificar los precios. El precio vigente en el momento de realizar el pedido ser\u00e1 v\u00e1lido durante todo el proceso de compra. En caso de que, por ejemplo, debido a errores de software o humanos, se indiquen productos con un precio claramente err\u00f3neo, nos reservamos el derecho a cancelar el pedido, lo cual se notificar\u00e1 al cliente.<\/p>\n<p><strong>Modificaci\u00f3n de la gama de productos<\/strong><br \/>Fabiotte Trading B.V. se reserva el derecho de modificar la disponibilidad del stock en el sitio web y de retirar productos de la gama antes de que se registre una compra.<\/p>\n<p><strong>Informaci\u00f3n sobre el producto<\/strong><br \/>Hacemos todo lo posible para garantizar que todo el contenido de nuestro sitio web sea correcto. Sin embargo, como somos humanos, nos reservamos el derecho a cometer errores involuntarios. Los colores que aparecen en la pantalla de su ordenador no siempre son 100 % exactos.<\/p>\n<p><strong>\u00bfMenor de 18 a\u00f1os?<\/strong><br \/>Si eres menor de 18 a\u00f1os, necesitas el permiso de tus padres o tutores para poder realizar compras en esta tienda online.<\/p>\n<p><strong>Da\u00f1os durante el transporte<\/strong><br \/>Si el paquete y\/o su contenido llegan da\u00f1ados, comun\u00edquelo al mensajero en el momento de la entrega. Si nos devuelve art\u00edculos, no utilice el servicio postal ordinario, ya que no est\u00e1 asegurado (y no recibir\u00e1 ning\u00fan reembolso si el paquete se extrav\u00eda). Conserve siempre su recibo. P\u00f3ngase en contacto con nosotros si encuentra da\u00f1os al desembalar sus art\u00edculos.<\/p>\n<p>Pa\u00edses de la UE: para poder enviar productos DDP (Delivered Duty Paid) a un particular dentro de la UE, Fabiotte Trading B.V. tambi\u00e9n est\u00e1 registrada como empresa sujeta al IVA (impuesto sobre el valor a\u00f1adido) en los Pa\u00edses Bajos (NL), el punto de entrada aduanero para las mercanc\u00edas dentro de la UE.\u00a0Por lo tanto, todos los env\u00edos a nuestros clientes en la UE se facturan autom\u00e1ticamente con el impuesto sobre el valor a\u00f1adido neerland\u00e9s del 21%, que est\u00e1 incluido en el precio. Es probable que el impuesto sobre el valor a\u00f1adido no sea reembolsable ni deducible en su pa\u00eds, aunque pueden aplicarse excepciones locales.<\/p>\n<p><strong>POL\u00cdTICA DE PRIVACIDAD<\/strong><\/p>\n<p><strong>Tienda online Estelle<\/strong><br \/>Todo el contenido de este sitio, como texto, gr\u00e1ficos, logotipos, iconos, im\u00e1genes, clips de audio, descargas digitales, compilaciones de datos y software, es propiedad de Fabiotte Trading B.V. o de los proveedores del contenido y est\u00e1 protegido por la legislaci\u00f3n internacional sobre derechos de autor.\u00a0Este sitio web o cualquier parte del mismo no puede ser reproducido, multiplicado, copiado, vendido, revendido, visitado o utilizado de cualquier otra forma con fines comerciales sin el consentimiento expreso por escrito de Fabiotte Trading B.V..<\/p>\n<p><strong>Su privacidad<\/strong><br \/>La pol\u00edtica de privacidad de Fabiotte Trading B.V. tiene como objetivo demostrar nuestro compromiso con la privacidad. Respetamos su privacidad.<br \/>Toda la informaci\u00f3n personal que nos facilite se utilizar\u00e1 con el fin de proporcionarle la mejor informaci\u00f3n posible.<br \/>En nuestro formulario de comentarios y en el formulario de pedido digital, le pedimos que nos facilite cierta informaci\u00f3n de contacto, necesaria para responderle o enviarle la informaci\u00f3n solicitada. Tambi\u00e9n le pedimos otra informaci\u00f3n, gran parte de la cual es opcional. No nos facilite informaci\u00f3n que no desee que conozcamos. Fabiotte Trading B.V. utiliza esta informaci\u00f3n para comprender mejor a su base de clientes y poder ofrecerles un servicio superior.<\/p>\n<p><strong>Confidencialidad frente a terceros<\/strong><br \/>No transmitiremos su informaci\u00f3n personal a terceros.<br \/>No venderemos, alquilaremos ni comercializaremos su informaci\u00f3n personal a terceros sin su consentimiento expreso con fines de marketing. Podemos recopilar estad\u00edsticas relacionadas con el uso de nuestra tienda web, como patrones de tr\u00e1fico e informaci\u00f3n relacionada con el sitio, pero esta informaci\u00f3n no incluir\u00e1 datos que permitan la identificaci\u00f3n personal.<\/p>\n<p><strong>Seguridad de su informaci\u00f3n<\/strong><br \/>Seguimos estrictos procedimientos de seguridad en el almacenamiento y la divulgaci\u00f3n de la informaci\u00f3n que nos ha proporcionado. Esto es para evitar el acceso no autorizado o el tratamiento ilegal de su informaci\u00f3n personal.<\/p>\n<p><strong>Correo electr\u00f3nico<\/strong><br \/>Fabiotte Trading B.V. solo le enviar\u00e1 correos electr\u00f3nicos si ha solicitado m\u00e1s informaci\u00f3n. Tambi\u00e9n podemos utilizar su direcci\u00f3n de correo electr\u00f3nico para confirmar su pedido\/solicitud y para responder a cualquier consulta que realice en l\u00ednea. \u00a1No le molestaremos si no ha solicitado m\u00e1s informaci\u00f3n!<\/p>\n<p><strong>Pol\u00edtica relativa a los ni\u00f1os<\/strong><br \/>Si eres menor de 18 a\u00f1os, solo podr\u00e1s utilizar nuestra tienda online con la participaci\u00f3n de un padre o tutor.<br \/>De conformidad con la Ley de Protecci\u00f3n de la Privacidad Infantil en Internet, no recopilaremos deliberadamente informaci\u00f3n de ni\u00f1os menores de 13 a\u00f1os. Si eres menor de 13 a\u00f1os, no puedes registrarte ni proporcionarnos informaci\u00f3n personal. Pide a tus padres que se pongan en contacto con nosotros para introducir esta informaci\u00f3n.<\/p>\n<p><strong>Su consentimiento<\/strong><br \/>Al utilizar nuestro sitio web, usted acepta que recopilemos y utilicemos su informaci\u00f3n personal de la forma descrita en esta pol\u00edtica de privacidad. Todos los cambios que se realicen en nuestra pol\u00edtica de privacidad se publicar\u00e1n en este sitio.<\/p>\n<\/div><\/section><\/div>","protected":false},"excerpt":{"rendered":"","protected":false},"author":2,"featured_media":0,"parent":0,"menu_order":0,"comment_status":"closed","ping_status":"open","template":"","meta":{"_acf_changed":false,"_monsterinsights_skip_tracking":false,"_monsterinsights_sitenote_active":false,"_monsterinsights_sitenote_note":"","_monsterinsights_sitenote_category":0,"footnotes":""},"class_list":["post-390","page","type-page","status-publish","hentry"],"acf":[],"_links":{"self":[{"href":"https:\/\/www.estelle-dcs.com\/es\/wp-json\/wp\/v2\/pages\/390","targetHints":{"allow":["GET"]}}],"collection":[{"href":"https:\/\/www.estelle-dcs.com\/es\/wp-json\/wp\/v2\/pages"}],"about":[{"href":"https:\/\/www.estelle-dcs.com\/es\/wp-json\/wp\/v2\/types\/page"}],"author":[{"embeddable":true,"href":"https:\/\/www.estelle-dcs.com\/es\/wp-json\/wp\/v2\/users\/2"}],"replies":[{"embeddable":true,"href":"https:\/\/www.estelle-dcs.com\/es\/wp-json\/wp\/v2\/comments?post=390"}],"version-history":[{"count":3,"href":"https:\/\/www.estelle-dcs.com\/es\/wp-json\/wp\/v2\/pages\/390\/revisions"}],"predecessor-version":[{"id":420,"href":"https:\/\/www.estelle-dcs.com\/es\/wp-json\/wp\/v2\/pages\/390\/revisions\/420"}],"wp:attachment":[{"href":"https:\/\/www.estelle-dcs.com\/es\/wp-json\/wp\/v2\/media?parent=390"}],"curies":[{"name":"wp","href":"https:\/\/api.w.org\/{rel}","templated":true}]}}