{"id":3,"date":"2025-11-04T16:02:49","date_gmt":"2025-11-04T16:02:49","guid":{"rendered":"https:\/\/estelledcs.bonsaidev.nl\/?page_id=3"},"modified":"2025-11-17T16:41:29","modified_gmt":"2025-11-17T15:41:29","slug":"privacybeleid","status":"publish","type":"page","link":"https:\/\/www.estelle-dcs.com\/es\/privacybeleid\/","title":{"rendered":"Pol\u00edtica de privacidad"},"content":{"rendered":"<h1 class=\"wp-block-heading\">\u00a1Tu informaci\u00f3n personal est\u00e1 100% segura!<\/h1>\r\n<p>Nos preocupan mucho las pr\u00e1cticas que violan los derechos fundamentales de elecci\u00f3n y confidencialidad, y respetamos la privacidad de todos los usuarios de nuestro sitio web.<\/p>\r\n<p>Al rellenar un formulario en este sitio web, nos est\u00e1 proporcionando informaci\u00f3n personal.<br \/>Puede ver esta informaci\u00f3n claramente expuesta en la p\u00e1gina web donde nos la proporciona.<\/p>\r\n<p><strong><em>Cookies:<\/em><\/strong><br \/>Fabiotte Trading B.V. utiliza cookies para mejorar la funcionalidad del sitio web.<br \/>Las cookies se utilizan para recordar qu\u00e9 art\u00edculos hay en la cesta de la compra cuando usted compra en el sitio web.<br \/>Las cookies se eliminan cuando el usuario cierra la sesi\u00f3n o su navegador.<\/p>\r\n<p><strong><em>Registro:<\/em><\/strong><br \/>Fabiotte Trading B.V. utiliza estad\u00edsticas.<br \/>Un sistema estad\u00edstico recopila informaci\u00f3n para darnos una idea del n\u00famero de visitantes que ha tenido el sitio web, de d\u00f3nde proceden, qu\u00e9 parte del sitio han utilizado, etc.<br \/>El \u00fanico objetivo de las estad\u00edsticas de Fabiotte Trading es optimizar la funcionalidad del sitio web para que sea m\u00e1s f\u00e1cil de usar.<\/p>\r\n<p><em><strong>Informaci\u00f3n privada:<\/strong><\/em><br \/>Para poder procesar su pedido, es necesario almacenar informaci\u00f3n como: nombre, direcci\u00f3n, direcci\u00f3n de correo electr\u00f3nico, etc.<br \/>Esta informaci\u00f3n solo est\u00e1 disponible para Fabiotte Trading B.V. y no se compartir\u00e1 con nadie m\u00e1s.<\/p>\r\n<p><strong><em>Pago en l\u00ednea:<\/em><\/strong><br \/>La informaci\u00f3n de la tarjeta de cr\u00e9dito que introduces cuando compras en Fabiotte Trading B.V. se env\u00eda directamente a nuestro PSP (proveedor de servicios de pago) y se codifica, y nadie m\u00e1s que ellos y t\u00fa ve esta informaci\u00f3n ni la almacena.<\/p>\r\n<p><strong><em>Seguridad:<\/em><\/strong><br \/>En cualquier momento, usted tiene la posibilidad de saber qu\u00e9 informaci\u00f3n guardamos sobre usted.<br \/>Solo tiene que ponerse en contacto con nosotros indicando su nombre y direcci\u00f3n.<br \/>En un plazo de 10 d\u00edas recibir\u00e1 un correo electr\u00f3nico con la informaci\u00f3n que Fabiotte Trading B.V. tiene almacenada.<br \/>Si desea que eliminemos esta informaci\u00f3n, debe indicarlo en su correo electr\u00f3nico.<\/p>","protected":false},"excerpt":{"rendered":"<p>Uw persoonlijke informatie is 100% veilig! We zijn zeer bezorgd over praktijken die de fundamentele rechten van keuze en vertrouwelijkheid schenden en we respecteren de privacy van alle gebruikers van onze website. Als u op deze site een formulier invult, geeft u persoonlijke informatie aan ons.U kunt deze informatie duidelijk uiteengezet zien op de internetpagina [&hellip;]<\/p>\n","protected":false},"author":1,"featured_media":0,"parent":0,"menu_order":0,"comment_status":"closed","ping_status":"open","template":"","meta":{"_acf_changed":false,"_monsterinsights_skip_tracking":false,"_monsterinsights_sitenote_active":false,"_monsterinsights_sitenote_note":"","_monsterinsights_sitenote_category":0,"footnotes":""},"class_list":["post-3","page","type-page","status-publish","hentry"],"acf":[],"_links":{"self":[{"href":"https:\/\/www.estelle-dcs.com\/es\/wp-json\/wp\/v2\/pages\/3","targetHints":{"allow":["GET"]}}],"collection":[{"href":"https:\/\/www.estelle-dcs.com\/es\/wp-json\/wp\/v2\/pages"}],"about":[{"href":"https:\/\/www.estelle-dcs.com\/es\/wp-json\/wp\/v2\/types\/page"}],"author":[{"embeddable":true,"href":"https:\/\/www.estelle-dcs.com\/es\/wp-json\/wp\/v2\/users\/1"}],"replies":[{"embeddable":true,"href":"https:\/\/www.estelle-dcs.com\/es\/wp-json\/wp\/v2\/comments?post=3"}],"version-history":[{"count":2,"href":"https:\/\/www.estelle-dcs.com\/es\/wp-json\/wp\/v2\/pages\/3\/revisions"}],"predecessor-version":[{"id":414,"href":"https:\/\/www.estelle-dcs.com\/es\/wp-json\/wp\/v2\/pages\/3\/revisions\/414"}],"wp:attachment":[{"href":"https:\/\/www.estelle-dcs.com\/es\/wp-json\/wp\/v2\/media?parent=3"}],"curies":[{"name":"wp","href":"https:\/\/api.w.org\/{rel}","templated":true}]}}