{"id":390,"date":"2025-11-14T11:25:40","date_gmt":"2025-11-14T10:25:40","guid":{"rendered":"https:\/\/estelledcs.bonsaidev.nl\/?page_id=390"},"modified":"2025-11-20T11:40:44","modified_gmt":"2025-11-20T10:40:44","slug":"algemene-voorwaarden","status":"publish","type":"page","link":"https:\/\/www.estelle-dcs.com\/de\/algemene-voorwaarden\/","title":{"rendered":"Allgemeine Gesch\u00e4ftsbedingungen"},"content":{"rendered":"<div id='av_section_1'  class='avia-section av-av_section-3226413ca2bc96f1486d7f9e0bb904ec main_color avia-section-default avia-no-border-styling  avia-builder-el-0  avia-builder-el-no-sibling  avia-bg-style-scroll container_wrap fullsize'  ><div class='container av-section-cont-open' ><main  role=\"main\" itemprop=\"mainContentOfPage\"  class='template-page content  av-content-full alpha units'><div class='post-entry post-entry-type-page post-entry-390'><div class='entry-content-wrapper clearfix'>\r\n<div  class='flex_column av-av_one_full-4236371e50272b4ec399280bbf76d6bf av_one_full  avia-builder-el-1  avia-builder-el-no-sibling  first flex_column_div'     ><section  class='av_textblock_section av-av_textblock-ad846f3725944775b650f887611c4791'   itemscope=\"itemscope\" itemtype=\"https:\/\/schema.org\/CreativeWork\" ><div class='avia_textblock'  itemprop=\"text\" ><h1 class=\"wp-block-heading\">ALLGEMEINE GESCH\u00c4FTSBEDINGUNGEN<\/h1>\n<p><strong>Annahme der Allgemeinen Gesch\u00e4ftsbedingungen<br \/><\/strong>Mit Ihrer Bestellung auf unserer Website akzeptieren Sie unsere Allgemeinen Gesch\u00e4ftsbedingungen, einschlie\u00dflich unserer Datenschutzerkl\u00e4rung.<\/p>\n<p><strong>Preis\u00e4nderungen<br \/><\/strong>Fabiotte Trading B.V. beh\u00e4lt sich das Recht vor, Preise zu \u00e4ndern. Der zum Zeitpunkt der Bestellung angegebene Preis gilt w\u00e4hrend des gesamten Kaufprozesses. Wenn beispielsweise aufgrund von Software- oder menschlichen Fehlern Produkte mit einem offensichtlich falschen Preis angegeben werden, behalten wir uns das Recht vor, die Bestellung zu stornieren \u2013 dies wird in einer Mitteilung bekannt gegeben.<\/p>\n<p><strong>\u00c4nderung des Produktsortiments<\/strong><br \/>Fabiotte Trading B.V. beh\u00e4lt sich das Recht vor, die Verf\u00fcgbarkeit des Lagerbestands auf der Website zu \u00e4ndern und Produkte aus dem Sortiment zu entfernen, bevor ein Kauf registriert wurde.<\/p>\n<p><strong>Produktinformationen<\/strong><br \/>Wir bem\u00fchen uns, sicherzustellen, dass alle Inhalte unserer Website korrekt sind. Da wir jedoch auch nur Menschen sind, behalten wir uns das Recht vor, unbeabsichtigte Fehler zu machen. Die Farben auf Ihrem Computerbildschirm sind nicht immer 100 % korrekt.<\/p>\n<p><strong>J\u00fcnger als 18 Jahre?<\/strong><br \/>Wenn Sie j\u00fcnger als 18 Jahre sind, ben\u00f6tigen Sie die Zustimmung Ihrer Eltern oder Ihres Erziehungsberechtigten, um in diesem Webshop Eink\u00e4ufe t\u00e4tigen zu k\u00f6nnen.<\/p>\n<p><strong>Sch\u00e4den w\u00e4hrend des Transports<\/strong><br \/>Wenn das Paket und\/oder der Inhalt besch\u00e4digt ankommt, melden Sie dies bitte dem Kurier bei der Lieferung. Wenn Sie Artikel an uns zur\u00fccksenden, verwenden Sie bitte nicht die normale Post, da diese nicht versichert ist (und Sie keine Entsch\u00e4digung erhalten, wenn das Paket verloren geht). Bewahren Sie Ihre Quittung immer auf. Kontaktieren Sie uns bitte, wenn Sie beim Auspacken Ihrer Artikel Besch\u00e4digungen feststellen.<\/p>\n<p>EU-L\u00e4nder: Um Produkte DDP (Delivered Duty Paid) an Privatpersonen innerhalb der EU versenden zu k\u00f6nnen, ist Fabiotte Trading B.V. auch als umsatzsteuerpflichtiges Unternehmen in den Niederlanden (NL) registriert \u2013 dem Zollort der Einfuhr f\u00fcr Waren innerhalb der EU.\u00a0Daher werden alle Sendungen an unsere Kunden in der EU automatisch mit der niederl\u00e4ndischen Umsatzsteuer von 21% in Rechnung gestellt, die im Preis enthalten ist. Die Umsatzsteuer ist in Ihrem Land vermutlich nicht erstattungsf\u00e4hig oder abzugsf\u00e4hig, es k\u00f6nnen lokale Ausnahmen gelten.<\/p>\n<p><strong>DATENSCHUTZERKL\u00c4RUNG<\/strong><\/p>\n<p><strong>Estelle Webshop<\/strong><br \/>Der gesamte Inhalt dieser Website, wie Texte, Grafiken, Logos, Symbole, aFabiotte Trading B.V.eeldingen, Audioclips, digitale Downloads, Datenzusammenstellungen und Software, ist Eigentum von Fabiotte Trading B.V. oder den Lieferanten des Inhalts und durch internationale Urheberrechtsgesetze gesch\u00fctzt.\u00a0Diese Website oder Teile davon d\u00fcrfen ohne die ausdr\u00fcckliche schriftliche Genehmigung von Fabiotte Trading B.V. nicht reproduziert, vervielf\u00e4ltigt, kopiert, verkauft, weiterverkauft, besucht oder anderweitig f\u00fcr kommerzielle Zwecke genutzt werden.<\/p>\n<p><strong>Ihre Privatsph\u00e4re<\/strong><br \/>Die Datenschutzerkl\u00e4rung von Fabiotte Trading B.V. soll unser Engagement f\u00fcr den Datenschutz verdeutlichen. Wir respektieren Ihre Privatsph\u00e4re.<br \/>Alle personenbezogenen Daten, die Sie uns zur Verf\u00fcgung stellen, werden dazu verwendet, Ihnen die bestm\u00f6glichen Informationen zu liefern.<br \/>In unserem Feedback-Formular und unserem digitalen Bestellformular bitten wir Sie um bestimmte Kontaktdaten, die wir ben\u00f6tigen, um Ihnen zu antworten oder Ihnen die gew\u00fcnschten Informationen zuzusenden. Wir bitten Sie auch um weitere Angaben, von denen viele optional sind. Teilen Sie uns bitte keine Informationen mit, die Sie nicht preisgeben m\u00f6chten. Fabiotte Trading B.V. verwendet diese Informationen, um seine Kundenbasis besser zu verstehen und ihr einen erstklassigen Service bieten zu k\u00f6nnen.<\/p>\n<p><strong>Geheimhaltung gegen\u00fcber Dritten<\/strong><br \/>Wir geben Ihre personenbezogenen Daten nicht an Dritte weiter.<br \/>Wir werden Ihre personenbezogenen Daten ohne Ihre ausdr\u00fcckliche Zustimmung nicht an Dritte verkaufen, vermieten oder f\u00fcr Marketingzwecke weitergeben. Wir k\u00f6nnen Statistiken \u00fcber die Nutzung unseres Webshops sammeln, wie z. B. Verkehrsmuster und damit verbundene Website-Informationen, aber diese Informationen enthalten keine Angaben, die eine pers\u00f6nliche Identifizierung erm\u00f6glichen.<\/p>\n<p><strong>Sicherheit Ihrer Daten<\/strong><br \/>Wir befolgen strenge Sicherheitsverfahren bei der Speicherung und Offenlegung von Informationen, die Sie uns zur Verf\u00fcgung gestellt haben. Damit soll unbefugter Zugriff oder unrechtm\u00e4\u00dfige Verarbeitung Ihrer personenbezogenen Daten verhindert werden.<\/p>\n<p><strong>E-Mail<\/strong><br \/>Fabiotte Trading B.V. sendet Ihnen nur dann E-Mails, wenn Sie weitere Informationen angefordert haben. Wir k\u00f6nnen Ihre E-Mail-Adresse auch verwenden, um Ihre Bestellung\/Anfrage zu best\u00e4tigen und auf eventuelle Online-Anfragen zu reagieren. Wir werden Sie nicht bel\u00e4stigen, wenn Sie keine weiteren Informationen angefordert haben!<\/p>\n<p><strong>Kinderpolitik<\/strong><br \/>Wenn Sie j\u00fcnger als 18 Jahre sind, k\u00f6nnen Sie unseren Webshop nur unter Einbeziehung eines Elternteils oder Erziehungsberechtigten nutzen.<br \/>In \u00dcbereinstimmung mit dem \u201cChildren\u2019s Online Privacy Protection Act\u201d (Gesetz zum Schutz der Privatsph\u00e4re von Kindern im Internet) werden wir wissentlich keine Informationen von Kindern unter 13 Jahren sammeln. Wenn Sie j\u00fcnger als 13 Jahre sind, d\u00fcrfen Sie sich nicht registrieren oder uns personenbezogene Daten \u00fcbermitteln. Bitte bitten Sie Ihre Eltern, sich mit uns in Verbindung zu setzen, um diese Informationen einzugeben.<\/p>\n<p><strong>Ihre Zustimmung<\/strong><br \/>Durch die Nutzung unserer Website erkl\u00e4ren Sie sich damit einverstanden, dass wir Ihre personenbezogenen Daten in der in dieser Datenschutzerkl\u00e4rung beschriebenen Weise erfassen und verwenden d\u00fcrfen. Alle \u00c4nderungen unserer Datenschutzerkl\u00e4rung werden auf dieser Website ver\u00f6ffentlicht.<\/p>\n<\/div><\/section><\/div>","protected":false},"excerpt":{"rendered":"","protected":false},"author":2,"featured_media":0,"parent":0,"menu_order":0,"comment_status":"closed","ping_status":"open","template":"","meta":{"_acf_changed":false,"_monsterinsights_skip_tracking":false,"_monsterinsights_sitenote_active":false,"_monsterinsights_sitenote_note":"","_monsterinsights_sitenote_category":0,"footnotes":""},"class_list":["post-390","page","type-page","status-publish","hentry"],"acf":[],"_links":{"self":[{"href":"https:\/\/www.estelle-dcs.com\/de\/wp-json\/wp\/v2\/pages\/390","targetHints":{"allow":["GET"]}}],"collection":[{"href":"https:\/\/www.estelle-dcs.com\/de\/wp-json\/wp\/v2\/pages"}],"about":[{"href":"https:\/\/www.estelle-dcs.com\/de\/wp-json\/wp\/v2\/types\/page"}],"author":[{"embeddable":true,"href":"https:\/\/www.estelle-dcs.com\/de\/wp-json\/wp\/v2\/users\/2"}],"replies":[{"embeddable":true,"href":"https:\/\/www.estelle-dcs.com\/de\/wp-json\/wp\/v2\/comments?post=390"}],"version-history":[{"count":3,"href":"https:\/\/www.estelle-dcs.com\/de\/wp-json\/wp\/v2\/pages\/390\/revisions"}],"predecessor-version":[{"id":420,"href":"https:\/\/www.estelle-dcs.com\/de\/wp-json\/wp\/v2\/pages\/390\/revisions\/420"}],"wp:attachment":[{"href":"https:\/\/www.estelle-dcs.com\/de\/wp-json\/wp\/v2\/media?parent=390"}],"curies":[{"name":"wp","href":"https:\/\/api.w.org\/{rel}","templated":true}]}}