{"id":3,"date":"2025-11-04T16:02:49","date_gmt":"2025-11-04T16:02:49","guid":{"rendered":"https:\/\/estelledcs.bonsaidev.nl\/?page_id=3"},"modified":"2025-11-17T16:41:29","modified_gmt":"2025-11-17T15:41:29","slug":"privacybeleid","status":"publish","type":"page","link":"https:\/\/www.estelle-dcs.com\/de\/privacybeleid\/","title":{"rendered":"Datenschutzerkl\u00e4rung"},"content":{"rendered":"<h1 class=\"wp-block-heading\">Ihre pers\u00f6nlichen Daten sind bei 100% sicher!<\/h1>\r\n<p>Wir sind sehr besorgt \u00fcber Praktiken, die die Grundrechte der Wahlfreiheit und Vertraulichkeit verletzen, und wir respektieren die Privatsph\u00e4re aller Nutzer unserer Website.<\/p>\r\n<p>Wenn Sie auf dieser Website ein Formular ausf\u00fcllen, geben Sie uns personenbezogene Daten bekannt.<br \/>Diese Informationen finden Sie \u00fcbersichtlich auf der Internetseite, auf der Sie uns Ihre Daten \u00fcbermitteln.<\/p>\r\n<p><strong><em>Cookies:<\/em><\/strong><br \/>Fabiotte Trading B.V. verwendet Cookies, um die Funktionalit\u00e4t der Website zu verbessern.<br \/>Cookies werden verwendet, um zu speichern, welche Artikel sich im Warenkorb befinden, wenn Sie auf der Website einkaufen.<br \/>Die Cookies werden gel\u00f6scht, wenn sich der Nutzer abmeldet oder seinen Browser schlie\u00dft.<\/p>\r\n<p><strong><em>Protokollierung:<\/em><\/strong><br \/>Fabiotte Trading B.V. Log verwendet Statistiken.<br \/>Ein Statistiksystem sammelt Informationen, um uns einen \u00dcberblick dar\u00fcber zu verschaffen, wie viele Besucher die Website hatte, woher sie kamen, welchen Teil der Website sie genutzt haben usw.<br \/>Der einzige Zweck der Statistiken von Fabiotte Trading besteht darin, die Funktionalit\u00e4t der Website zu optimieren, um sie benutzerfreundlicher zu gestalten.<\/p>\r\n<p><em><strong>Private Informationen:<\/strong><\/em><br \/>Um Ihre Bestellung bearbeiten zu k\u00f6nnen, m\u00fcssen wir Informationen wie Ihren Namen, Ihre Adresse, Ihre E-Mail-Adresse usw. speichern.<br \/>Diese Informationen stehen ausschlie\u00dflich Fabiotte Trading B.V. zur Verf\u00fcgung und werden nicht an Dritte weitergegeben.<\/p>\r\n<p><strong><em>Online-Zahlung:<\/em><\/strong><br \/>Die Kreditkartendaten, die Sie beim Einkauf bei Fabiotte Trading B.V. eingeben, werden direkt an unseren PSP (Zahlungsdienstleister) gesendet und verschl\u00fcsselt. Niemand au\u00dfer Ihnen und unserem PSP kann diese Daten einsehen oder speichern.<\/p>\r\n<p><strong><em>Sicherheit:<\/em><\/strong><br \/>Sie haben jederzeit die M\u00f6glichkeit zu erfahren, welche Informationen wir \u00fcber Sie gespeichert haben.<br \/>Sie m\u00fcssen sich lediglich mit Ihrem Namen und Ihrer Adresse bei uns melden.<br \/>Sie erhalten dann innerhalb von 10 Tagen eine E-Mail mit den Informationen, die Fabiotte Trading B.V. gespeichert hat.<br \/>Wenn Sie m\u00f6chten, dass wir diese Informationen l\u00f6schen, m\u00fcssen Sie dies in Ihrer E-Mail angeben.<\/p>","protected":false},"excerpt":{"rendered":"<p>Uw persoonlijke informatie is 100% veilig! We zijn zeer bezorgd over praktijken die de fundamentele rechten van keuze en vertrouwelijkheid schenden en we respecteren de privacy van alle gebruikers van onze website. Als u op deze site een formulier invult, geeft u persoonlijke informatie aan ons.U kunt deze informatie duidelijk uiteengezet zien op de internetpagina [&hellip;]<\/p>\n","protected":false},"author":1,"featured_media":0,"parent":0,"menu_order":0,"comment_status":"closed","ping_status":"open","template":"","meta":{"_acf_changed":false,"_monsterinsights_skip_tracking":false,"_monsterinsights_sitenote_active":false,"_monsterinsights_sitenote_note":"","_monsterinsights_sitenote_category":0,"footnotes":""},"class_list":["post-3","page","type-page","status-publish","hentry"],"acf":[],"_links":{"self":[{"href":"https:\/\/www.estelle-dcs.com\/de\/wp-json\/wp\/v2\/pages\/3","targetHints":{"allow":["GET"]}}],"collection":[{"href":"https:\/\/www.estelle-dcs.com\/de\/wp-json\/wp\/v2\/pages"}],"about":[{"href":"https:\/\/www.estelle-dcs.com\/de\/wp-json\/wp\/v2\/types\/page"}],"author":[{"embeddable":true,"href":"https:\/\/www.estelle-dcs.com\/de\/wp-json\/wp\/v2\/users\/1"}],"replies":[{"embeddable":true,"href":"https:\/\/www.estelle-dcs.com\/de\/wp-json\/wp\/v2\/comments?post=3"}],"version-history":[{"count":2,"href":"https:\/\/www.estelle-dcs.com\/de\/wp-json\/wp\/v2\/pages\/3\/revisions"}],"predecessor-version":[{"id":414,"href":"https:\/\/www.estelle-dcs.com\/de\/wp-json\/wp\/v2\/pages\/3\/revisions\/414"}],"wp:attachment":[{"href":"https:\/\/www.estelle-dcs.com\/de\/wp-json\/wp\/v2\/media?parent=3"}],"curies":[{"name":"wp","href":"https:\/\/api.w.org\/{rel}","templated":true}]}}